{"id":6446,"date":"2024-06-08T05:21:30","date_gmt":"2024-06-08T02:21:30","guid":{"rendered":"https:\/\/arabfm.net\/?page_id=6446"},"modified":"2024-06-08T05:21:30","modified_gmt":"2024-06-08T02:21:30","slug":"shop-laptop-2","status":"publish","type":"page","link":"https:\/\/arabfm.net\/fr\/shop-laptop-2\/","title":{"rendered":"\u0635\u0641\u062d\u0629 \u0627\u0644\u062a\u0633\u0648\u0642"},"content":{"rendered":"<div data-elementor-type=\"wp-page\" data-elementor-id=\"6446\" class=\"elementor elementor-6446\" data-elementor-post-type=\"page\">\n\t\t\t\t\t\t<section class=\"elementor-section elementor-top-section elementor-element elementor-element-d55504f elementor-section-boxed elementor-section-height-default elementor-section-height-default\" data-id=\"d55504f\" data-element_type=\"section\" data-e-type=\"section\" data-settings=\"{&quot;ekit_has_onepagescroll_dot&quot;:&quot;yes&quot;}\">\n\t\t\t\t\t\t<div class=\"elementor-container elementor-column-gap-default\">\n\t\t\t\t\t<div class=\"elementor-column elementor-col-100 elementor-top-column elementor-element elementor-element-a37771e\" data-id=\"a37771e\" data-element_type=\"column\" data-e-type=\"column\">\n\t\t\t<div class=\"elementor-widget-wrap elementor-element-populated\">\n\t\t\t\t\t\t<div class=\"elementor-element elementor-element-de0bd0d elementor-grid-4 elementor-grid-tablet-3 elementor-grid-mobile-2 elementor-products-grid elementor-wc-products elementor-widget elementor-widget-woocommerce-products\" data-id=\"de0bd0d\" data-element_type=\"widget\" data-e-type=\"widget\" data-settings=\"{&quot;ekit_we_effect_on&quot;:&quot;none&quot;}\" data-widget_type=\"woocommerce-products.default\">\n\t\t\t\t<div class=\"elementor-widget-container\">\n\t\t\t\t\t<div class=\"woocommerce columns-4\"><ul class=\"products elementor-grid columns-4\">\n<li class=\"product type-product post-6440 status-publish first onbackorder product_cat-hp has-post-thumbnail sale downloadable taxable shipping-taxable purchasable product-type-simple\">\n\t\n\t<span class=\"onsale\" data-no-translation=\"\" data-trp-gettext=\"\">Promo\u00a0!<\/span>\n\t\n\t\t<div class=\"product-thumb\">\n\n\t\t<a href=\"https:\/\/arabfm.net\/fr\/produit\/hp-laptop-intel-core-i3-1315u\/\" class=\"woocommerce-LoopProduct-link woocommerce-loop-product__link\"><img fetchpriority=\"high\" decoding=\"async\" width=\"300\" height=\"300\" src=\"https:\/\/arabfm.net\/wp-content\/uploads\/2024\/06\/\u0635\u0648\u0631\u0647-\u0645\u062a\u062c\u0631-\u0627\u0644\u0644\u063a\u0647-\u0644\u0644\u0627\u0646\u062f\u064a\u0647-1\u0645\u062a\u062c\u0631-300x300.jpg\" class=\"attachment-woocommerce_thumbnail size-woocommerce_thumbnail\" alt=\"\u0627\u0644\u0644\u063a\u0647 \u0627\u0644\u0639\u0631\u0628\u064a\u0647 \u0644\u0627\u0633\u0645\u0627\u0621 \u0627\u0644\u0628\u0637\u0648\u0644\u0627\u062a \u0648 \u0627\u0644\u0627\u0646\u062f\u064a\u0647 \u0648 \u0627\u0644\u0645\u0646\u062a\u062e\u0628\u0627\u062a\" srcset=\"https:\/\/arabfm.net\/wp-content\/uploads\/2024\/06\/\u0635\u0648\u0631\u0647-\u0645\u062a\u062c\u0631-\u0627\u0644\u0644\u063a\u0647-\u0644\u0644\u0627\u0646\u062f\u064a\u0647-1\u0645\u062a\u062c\u0631-300x300.jpg 300w, https:\/\/arabfm.net\/wp-content\/uploads\/2024\/06\/\u0635\u0648\u0631\u0647-\u0645\u062a\u062c\u0631-\u0627\u0644\u0644\u063a\u0647-\u0644\u0644\u0627\u0646\u062f\u064a\u0647-1\u0645\u062a\u062c\u0631-150x150.jpg 150w, https:\/\/arabfm.net\/wp-content\/uploads\/2024\/06\/\u0635\u0648\u0631\u0647-\u0645\u062a\u062c\u0631-\u0627\u0644\u0644\u063a\u0647-\u0644\u0644\u0627\u0646\u062f\u064a\u0647-1\u0645\u062a\u062c\u0631-336x336.jpg 336w, https:\/\/arabfm.net\/wp-content\/uploads\/2024\/06\/\u0635\u0648\u0631\u0647-\u0645\u062a\u062c\u0631-\u0627\u0644\u0644\u063a\u0647-\u0644\u0644\u0627\u0646\u062f\u064a\u0647-1\u0645\u062a\u062c\u0631-24x24.jpg 24w, https:\/\/arabfm.net\/wp-content\/uploads\/2024\/06\/\u0635\u0648\u0631\u0647-\u0645\u062a\u062c\u0631-\u0627\u0644\u0644\u063a\u0647-\u0644\u0644\u0627\u0646\u062f\u064a\u0647-1\u0645\u062a\u062c\u0631-48x48.jpg 48w, https:\/\/arabfm.net\/wp-content\/uploads\/2024\/06\/\u0635\u0648\u0631\u0647-\u0645\u062a\u062c\u0631-\u0627\u0644\u0644\u063a\u0647-\u0644\u0644\u0627\u0646\u062f\u064a\u0647-1\u0645\u062a\u062c\u0631-96x96.jpg 96w\" sizes=\"(max-width: 300px) 100vw, 300px\" \/><\/a><a href=\"\/fr\/wp-json\/wp\/v2\/pages\/6446?add-to-cart=6440\" aria-describedby=\"woocommerce_loop_add_to_cart_link_describedby_6440\" data-quantity=\"1\" class=\"button product_type_simple add_to_cart_button ajax_add_to_cart\" data-product_id=\"6440\" data-product_sku=\"LAP.008\" aria-label=\"Ajouter au panier\u00a0: \u201c\u0627\u0644\u0644\u063a\u0647 \u0627\u0644\u0639\u0631\u0628\u064a\u0647 \u0644\u0627\u0633\u0645\u0627\u0621 \u0627\u0644\u0628\u0637\u0648\u0644\u0627\u062a \u0648 \u0627\u0644\u0627\u0646\u062f\u064a\u0647 \u0648 \u0627\u0644\u0645\u0646\u062a\u062e\u0628\u0627\u062a\u201d\" rel=\"nofollow\" data-success_message=\"\u00ab\u00a0\u0627\u0644\u0644\u063a\u0647 \u0627\u0644\u0639\u0631\u0628\u064a\u0647 \u0644\u0627\u0633\u0645\u0627\u0621 \u0627\u0644\u0628\u0637\u0648\u0644\u0627\u062a \u0648 \u0627\u0644\u0627\u0646\u062f\u064a\u0647 \u0648 \u0627\u0644\u0645\u0646\u062a\u062e\u0628\u0627\u062a\u00a0\u00bb a \u00e9t\u00e9 ajout\u00e9 \u00e0 votre panier\" data-no-translation=\"\" data-trp-gettext=\"\" data-no-translation-aria-label=\"\" data-no-translation-data-success_message=\"\">Ajouter au panier<\/a>\t<span id=\"woocommerce_loop_add_to_cart_link_describedby_6440\" class=\"screen-reader-text\">\n\t\t\t<\/span>\n\n\t\t<\/div>\n\t\t\n\t\t<a href=\"https:\/\/arabfm.net\/fr\/produit\/hp-laptop-intel-core-i3-1315u\/\" class=\"woocommerce-LoopProduct-link woocommerce-loop-product__link\"><h2 class=\"woocommerce-loop-product__title\">\u0627\u0644\u0644\u063a\u0647 \u0627\u0644\u0639\u0631\u0628\u064a\u0647 \u0644\u0627\u0633\u0645\u0627\u0621 \u0627\u0644\u0628\u0637\u0648\u0644\u0627\u062a \u0648 \u0627\u0644\u0627\u0646\u062f\u064a\u0647 \u0648 \u0627\u0644\u0645\u0646\u062a\u062e\u0628\u0627\u062a<\/h2><\/a><a href=\"https:\/\/arabfm.net\/fr\/categorie-produit\/hp\/\" class=\"product-cat\">HP<\/a>\n\t<span class=\"price\"><del aria-hidden=\"true\"><span class=\"woocommerce-Price-amount amount\"><bdi>9,99&nbsp;<span class=\"woocommerce-Price-currencySymbol\">&#36;<\/span><\/bdi><\/span><\/del> <span class=\"screen-reader-text\" data-no-translation=\"\" data-trp-gettext=\"\">Le prix initial \u00e9tait\u00a0: 9,99&nbsp;&#036;.<\/span><ins aria-hidden=\"true\"><span class=\"woocommerce-Price-amount amount\"><bdi>4,99&nbsp;<span class=\"woocommerce-Price-currencySymbol\">&#36;<\/span><\/bdi><\/span><\/ins><span class=\"screen-reader-text\" data-no-translation=\"\" data-trp-gettext=\"\">Le prix actuel est\u00a0: 4,99&nbsp;&#036;.<\/span><\/span>\n<\/li>\n<li class=\"product type-product post-5791 status-publish instock product_cat-uncategorized has-post-thumbnail sale downloadable taxable shipping-taxable purchasable product-type-simple\">\n\t\n\t<span class=\"onsale\" data-no-translation=\"\" data-trp-gettext=\"\">Promo\u00a0!<\/span>\n\t\n\t\t<div class=\"product-thumb\">\n\n\t\t<a href=\"https:\/\/arabfm.net\/fr\/produit\/%d8%a7%d9%84%d9%84%d8%ba%d9%87-%d8%a7%d9%84%d8%b9%d8%b1%d8%a8%d9%8a%d9%87-%d9%84%d8%a7%d8%b3%d9%85%d8%a7%d8%a1-%d8%a7%d9%84%d8%a8%d8%b7%d9%88%d9%84%d8%a7%d8%aa-%d9%88-%d8%a7%d9%84%d8%a7%d9%86%d8%af\/\" class=\"woocommerce-LoopProduct-link woocommerce-loop-product__link\"><img decoding=\"async\" width=\"300\" height=\"300\" src=\"https:\/\/arabfm.net\/wp-content\/uploads\/2021\/11\/\u0635\u0648\u0631\u0647-\u0645\u062a\u062c\u0631-\u0627\u0644\u0644\u063a\u0647-\u0644\u0644\u0627\u0646\u062f\u064a\u0647-1\u0645\u062a\u062c\u0631-1-300x300.jpg\" class=\"attachment-woocommerce_thumbnail size-woocommerce_thumbnail\" alt=\"\u0627\u0644\u0644\u063a\u0647 \u0627\u0644\u0639\u0631\u0628\u064a\u0647 \u0644\u0627\u0633\u0645\u0627\u0621 \u0627\u0644\u0628\u0637\u0648\u0644\u0627\u062a \u0648 \u0627\u0644\u0627\u0646\u062f\u064a\u0647 \u0648 \u0627\u0644\u0645\u0646\u062a\u062e\u0628\u0627\u062a\" srcset=\"https:\/\/arabfm.net\/wp-content\/uploads\/2021\/11\/\u0635\u0648\u0631\u0647-\u0645\u062a\u062c\u0631-\u0627\u0644\u0644\u063a\u0647-\u0644\u0644\u0627\u0646\u062f\u064a\u0647-1\u0645\u062a\u062c\u0631-1-300x300.jpg 300w, https:\/\/arabfm.net\/wp-content\/uploads\/2021\/11\/\u0635\u0648\u0631\u0647-\u0645\u062a\u062c\u0631-\u0627\u0644\u0644\u063a\u0647-\u0644\u0644\u0627\u0646\u062f\u064a\u0647-1\u0645\u062a\u062c\u0631-1-150x150.jpg 150w, https:\/\/arabfm.net\/wp-content\/uploads\/2021\/11\/\u0635\u0648\u0631\u0647-\u0645\u062a\u062c\u0631-\u0627\u0644\u0644\u063a\u0647-\u0644\u0644\u0627\u0646\u062f\u064a\u0647-1\u0645\u062a\u062c\u0631-1-336x336.jpg 336w, https:\/\/arabfm.net\/wp-content\/uploads\/2021\/11\/\u0635\u0648\u0631\u0647-\u0645\u062a\u062c\u0631-\u0627\u0644\u0644\u063a\u0647-\u0644\u0644\u0627\u0646\u062f\u064a\u0647-1\u0645\u062a\u062c\u0631-1-24x24.jpg 24w, https:\/\/arabfm.net\/wp-content\/uploads\/2021\/11\/\u0635\u0648\u0631\u0647-\u0645\u062a\u062c\u0631-\u0627\u0644\u0644\u063a\u0647-\u0644\u0644\u0627\u0646\u062f\u064a\u0647-1\u0645\u062a\u062c\u0631-1-48x48.jpg 48w, https:\/\/arabfm.net\/wp-content\/uploads\/2021\/11\/\u0635\u0648\u0631\u0647-\u0645\u062a\u062c\u0631-\u0627\u0644\u0644\u063a\u0647-\u0644\u0644\u0627\u0646\u062f\u064a\u0647-1\u0645\u062a\u062c\u0631-1-96x96.jpg 96w\" sizes=\"(max-width: 300px) 100vw, 300px\" \/><\/a><a href=\"\/fr\/wp-json\/wp\/v2\/pages\/6446?add-to-cart=5791\" aria-describedby=\"woocommerce_loop_add_to_cart_link_describedby_5791\" data-quantity=\"1\" class=\"button product_type_simple add_to_cart_button ajax_add_to_cart\" data-product_id=\"5791\" data-product_sku=\"\" aria-label=\"Ajouter au panier\u00a0: \u201c\u0627\u0644\u0644\u063a\u0647 \u0627\u0644\u0639\u0631\u0628\u064a\u0647 \u0644\u0627\u0633\u0645\u0627\u0621 \u0627\u0644\u0628\u0637\u0648\u0644\u0627\u062a \u0648 \u0627\u0644\u0627\u0646\u062f\u064a\u0647 \u0648 \u0627\u0644\u0645\u0646\u062a\u062e\u0628\u0627\u062a\u201d\" rel=\"nofollow\" data-success_message=\"\u00ab\u00a0\u0627\u0644\u0644\u063a\u0647 \u0627\u0644\u0639\u0631\u0628\u064a\u0647 \u0644\u0627\u0633\u0645\u0627\u0621 \u0627\u0644\u0628\u0637\u0648\u0644\u0627\u062a \u0648 \u0627\u0644\u0627\u0646\u062f\u064a\u0647 \u0648 \u0627\u0644\u0645\u0646\u062a\u062e\u0628\u0627\u062a\u00a0\u00bb a \u00e9t\u00e9 ajout\u00e9 \u00e0 votre panier\" data-no-translation=\"\" data-trp-gettext=\"\" data-no-translation-aria-label=\"\" data-no-translation-data-success_message=\"\">Ajouter au panier<\/a>\t<span id=\"woocommerce_loop_add_to_cart_link_describedby_5791\" class=\"screen-reader-text\">\n\t\t\t<\/span>\n\n\t\t<\/div>\n\t\t\n\t\t<a href=\"https:\/\/arabfm.net\/fr\/produit\/%d8%a7%d9%84%d9%84%d8%ba%d9%87-%d8%a7%d9%84%d8%b9%d8%b1%d8%a8%d9%8a%d9%87-%d9%84%d8%a7%d8%b3%d9%85%d8%a7%d8%a1-%d8%a7%d9%84%d8%a8%d8%b7%d9%88%d9%84%d8%a7%d8%aa-%d9%88-%d8%a7%d9%84%d8%a7%d9%86%d8%af\/\" class=\"woocommerce-LoopProduct-link woocommerce-loop-product__link\"><h2 class=\"woocommerce-loop-product__title\">\u0627\u0644\u0644\u063a\u0647 \u0627\u0644\u0639\u0631\u0628\u064a\u0647 \u0644\u0627\u0633\u0645\u0627\u0621 \u0627\u0644\u0628\u0637\u0648\u0644\u0627\u062a \u0648 \u0627\u0644\u0627\u0646\u062f\u064a\u0647 \u0648 \u0627\u0644\u0645\u0646\u062a\u062e\u0628\u0627\u062a<\/h2><\/a><a href=\"https:\/\/arabfm.net\/fr\/categorie-produit\/uncategorized\/\" class=\"product-cat\">Uncategorized<\/a><div class=\"star-rating\" role=\"img\" aria-label=\"Note 3.00 sur 5\" data-no-translation-aria-label=\"\"><span style=\"width:60%\" data-no-translation=\"\" data-trp-gettext=\"\">Note <strong class=\"rating\">3.00<\/strong> sur 5<\/span><\/div>\n\t<span class=\"price\"><del aria-hidden=\"true\"><span class=\"woocommerce-Price-amount amount\"><bdi>9,99&nbsp;<span class=\"woocommerce-Price-currencySymbol\">&#36;<\/span><\/bdi><\/span><\/del> <span class=\"screen-reader-text\" data-no-translation=\"\" data-trp-gettext=\"\">Le prix initial \u00e9tait\u00a0: 9,99&nbsp;&#036;.<\/span><ins aria-hidden=\"true\"><span class=\"woocommerce-Price-amount amount\"><bdi>4,99&nbsp;<span class=\"woocommerce-Price-currencySymbol\">&#36;<\/span><\/bdi><\/span><\/ins><span class=\"screen-reader-text\" data-no-translation=\"\" data-trp-gettext=\"\">Le prix actuel est\u00a0: 4,99&nbsp;&#036;.<\/span><\/span>\n<\/li>\n<\/ul>\n<\/div>\t\t\t\t<\/div>\n\t\t\t\t<\/div>\n\t\t\t\t\t<\/div>\n\t\t<\/div>\n\t\t\t\t\t<\/div>\n\t\t<\/section>\n\t\t\t\t<\/div>","protected":false},"excerpt":{"rendered":"","protected":false},"author":2,"featured_media":0,"parent":0,"menu_order":0,"comment_status":"closed","ping_status":"closed","template":"elementor_header_footer","meta":{"footnotes":""},"class_list":["post-6446","page","type-page","status-publish"],"_links":{"self":[{"href":"https:\/\/arabfm.net\/fr\/wp-json\/wp\/v2\/pages\/6446","targetHints":{"allow":["GET"]}}],"collection":[{"href":"https:\/\/arabfm.net\/fr\/wp-json\/wp\/v2\/pages"}],"about":[{"href":"https:\/\/arabfm.net\/fr\/wp-json\/wp\/v2\/types\/page"}],"author":[{"embeddable":true,"href":"https:\/\/arabfm.net\/fr\/wp-json\/wp\/v2\/users\/2"}],"replies":[{"embeddable":true,"href":"https:\/\/arabfm.net\/fr\/wp-json\/wp\/v2\/comments?post=6446"}],"version-history":[{"count":0,"href":"https:\/\/arabfm.net\/fr\/wp-json\/wp\/v2\/pages\/6446\/revisions"}],"wp:attachment":[{"href":"https:\/\/arabfm.net\/fr\/wp-json\/wp\/v2\/media?parent=6446"}],"curies":[{"name":"wp","href":"https:\/\/api.w.org\/{rel}","templated":true}]}}