{"id":9654,"date":"2025-12-18T03:51:16","date_gmt":"2025-12-18T00:51:16","guid":{"rendered":"https:\/\/arabfm.net\/registration\/"},"modified":"2025-12-18T03:51:16","modified_gmt":"2025-12-18T00:51:16","slug":"registration","status":"publish","type":"page","link":"https:\/\/arabfm.net\/fr\/registration\/","title":{"rendered":"Registration"},"content":{"rendered":"<div class=\"bootstrap-wrapper\">\r\n\t<div id=\"iv-form3\" class=\"content\">\r\n\t\t\t\t\t\t\t<form id=\"iv_membership_registration\" name=\"iv_membership_registration\" class=\"form-horizontal\" action=\"https:\/\/arabfm.net\/fr\/registration\/?package_id=&#038;payment_gateway=woocommerce&#038;iv-submit-listing=register\" method=\"post\" enctype=\"multipart\/form-data\" role=\"form\" data-trp-original-action=\"https:\/\/arabfm.net\/fr\/registration\/?package_id=&payment_gateway=woocommerce&iv-submit-listing=register\">\r\n\t\t\t\t\t\t\t\t\t\t\t<div class=\"row\">\t\t\t\t\t\t\t\t\t\t\t\t\t\r\n\t\t\t\t\t\t<h2 class=\"header-profile\"><div>Info utilisateur<\/div><\/h2>\r\n\t\t\t\t\t<\/div>\r\n\t\t\t\t\t<div class=\"row\">\t\t\r\n\t\t\t\t\t\t<div class=\"col-md-2\">\r\n\t\t\t\t\t\t<\/div>\r\n\t\t\t\t\t\t<div class=\"col-md-10\">\r\n\t\t\t\t\t\t\t\t\t\t\t\t\t<\/div>\r\n\t\t\t\t\t<\/div>\t\r\n\t\t\t\t\t<!--\r\n\t\t\t\t\t\tFor Form Validation we used plugins http:\/\/formvalidator.net\/index.html#reg-form\r\n\t\t\t\t\t\tThis is in line validation so you can add fields easily.\r\n\t\t\t\t\t-->\r\n\t\t\t\t\t<div class=\"text-center\" id=\"loading\"> <\/div>\t\t\t\t\t\t\t\r\n\t\t\t\t\t<div class=\"form-group row\"  >\r\n\t\t\t\t\t\t<label for=\"text\" class=\"col-md-4 control-label\">Nom d\u2019utilisateur<span class=\"chili\"><\/span><\/label>\r\n\t\t\t\t\t\t<div class=\"col-md-8\">\r\n\t\t\t\t\t\t\t<input type=\"text\"  name=\"iv_member_user_name\" id=\"iv_member_user_name\"  data-validation=\"length alphanumeric\"\r\n\t\t\t\t\t\t\tdata-validation-length=\"4-12\" data-validation-error-msg=\"Le nom d\u2019utilisateur contient de 4 \u00e0 12 caract\u00e8res alphanum\u00e9riques\" class=\"form-input col-md-12\" placeholder=\"Entrez le nom d\u2019utilisateur\"  alt=\"required\">\r\n\t\t\t\t\t\t<\/div>\r\n\t\t\t\t\t<\/div>\r\n\t\t\t\t\t<div class=\"form-group row\">\r\n\t\t\t\t\t\t<label for=\"email\" class=\"col-md-4 control-label\" >Adresse email<span class=\"chili\"><\/span><\/label>\r\n\t\t\t\t\t\t<div class=\"col-md-8\">\r\n\t\t\t\t\t\t\t<input type=\"email\" name=\"iv_member_email\" id=\"iv_member_email\" data-validation=\"email\"  class=\"form-input col-md-12\" placeholder=\"Entrez l\u2019adresse email\" data-validation-error-msg=\" Merci d\u2019entrer un email valide\" >\r\n\t\t\t\t\t\t<\/div>\r\n\t\t\t\t\t<\/div>\r\n\t\t\t\t\t<div class=\"form-group row\">\r\n\t\t\t\t\t\t<label for=\"text\" class=\"col-md-4 control-label\">Mot de passe<span class=\"chili\"><\/span><\/label>\r\n\t\t\t\t\t\t<div class=\"col-md-8\">\r\n\t\t\t\t\t\t\t<input type=\"password\" name=\"iv_member_password\"  id=\"iv_member_password\" class=\"form-input col-md-12\" placeholder=\"\" data-validation=\"strength\"\r\n\t\t\t\t\t\t\tdata-validation-strength=\"2\">\r\n\t\t\t\t\t\t<\/div>\r\n\t\t\t\t\t<\/div>\r\n\t\t\t\t\t\t\t\t\t\t\t<div class=\"form-group row\">\r\n\t\t\t\t\t\t\t<label for=\"text\" class=\"col-md-4 control-label\">Profile Image<\/label>\r\n\t\t\t\t\t\t\t<div class=\"col-md-8\">\r\n\t\t\t\t\t\t\t\t<input type=\"file\" name=\"profilepicture\"  id=\"profilepicture\" size=\"25\" class=\"form-input\" \/>\r\n\t\t\t\t\t\t\t<\/div>\r\n\t\t\t\t\t\t<\/div>\r\n\t\t\t\t\t\t\t\t\t\t\t<div class=\"form-group row\"><label class=\"control-label col-md-4\">First Name<\/label><div class=\"col-md-8\"><input type=\"text\" placeholder=\"Enter First Name\" name=\"first_name\" id=\"first_name\"  class=\"form-input col-md-12\" data-validation=\"length\" data-validation-length=\"2-100\" \/><\/div><\/div><div class=\"form-group row\"><label class=\"control-label col-md-4\">Last Name<\/label><div class=\"col-md-8\"><input type=\"text\" placeholder=\"Enter Last Name\" name=\"last_name\" id=\"last_name\"  class=\"form-input col-md-12\" data-validation=\"length\" data-validation-length=\"2-100\" \/><\/div><\/div>\t\t\t\t\t\t\t\t\t\t\t\t\t\t\t<input type=\"hidden\" name=\"hidden_form_name\" id=\"hidden_form_name\" value=\"iv_membership_registration\">\r\n\t\t\t\t\t\t\r\n\t\t\t\t\t\r\n\t\t\t\t\t<div class=\"row\">\r\n\t\t\t\t\t\t<div class=\"col-md-12\">\r\n\t\t\t\t\t\t\t<h2 class=\"header-profile\"><div>Info de paiement<\/div><\/h2>\r\n\t\t\t\t\t\t<\/div>\r\n\t\t\t\t\t<\/div>\r\n\t\t\t\t\t<div class=\"row\">\r\n\t\t\t\t\t\t<div class=\"col-md-12\">\r\n\t\t\t\t\t\t\t<div class=\"row form-group\">\r\n\t<label for=\"text\" class=\"col-md-4\">Nom du Package<\/label>\r\n\t<div class=\"col-md-8\">\r\n\t\t<select name=\"package_sel\" id =\"package_sel\" class=\"form-dropdown col-md-12\"><option value=\"7776\" >\u0627\u0644\u0639\u0636\u0648\u064a\u0629 \u0627\u0644\u0645\u0645\u064a\u0632\u0629 | 9,99 USD\/1 year<\/option><\/select>\t\t\t\t\t<\/div>\r\n<\/div>\r\n<div class=\"row form-group\">\r\n\t<label for=\"text\" class=\"col-md-4\">Montant<\/label>\r\n\t<div class=\"col-md-8\" id=\"p_amount\"> <label class=\"control-label\">9,99 USD\/1 year <\/label>\r\n\t<\/div>\r\n<\/div>\r\n<input type=\"hidden\" name=\"reg_error\" id=\"reg_error\" value=\"yes\">\r\n<input type=\"hidden\" name=\"package_id\" id=\"package_id\" value=\"7776\">\r\n\t<div class=\"row\">\r\n\t\t<div class=\"col-md-4\">\r\n\t\t<\/div>\r\n\t\t<div class=\"col-md-8\">\r\n\t\t\t<label>\r\n\t\t\t\t<input type=\"checkbox\" data-validation=\"required\"\r\n\t\t\t\tdata-validation-error-msg=\"You have to agree to our terms \"  name=\"check_terms\" id=\"check_terms\">  I have read &amp; accept the Terms &amp; Conditions\t\t\t<\/label>\r\n\t\t<\/div>\r\n\t<\/div>\r\n\t<div class=\"row\">\r\n\t<div class=\"col-md-4\">\r\n\t<\/div>\r\n\t<div class=\"col-md-8\">\r\n\t\t<div id=\"paypal-button\" class=\"margin-top-20\">\r\n\t\t\t<div id=\"loading-3\"><img src='https:\/\/arabfm.net\/wp-content\/plugins\/wp-membership\/admin\/files\/images\/loader.gif' \/><\/div>\r\n\t\t\t\r\n\t\t\t\t\t\t\t\t\r\n\t\t\t\t\t<button  id=\"submit_iv_membership_payment\" name=\"submit_iv_membership_payment\"  type=\"submit\" class=\"btn btn-info ctrl-btn g-recaptcha\" data-sitekey=\"6Lef8S8sAAAAAKuLmK5gzElSATpY5EbMgg04lM8u\"  data-callback='epluginrecaptchaSubmit' data-action='submit' > Envoyer<\/button>\r\n\t\t\t\t\t\t\t\r\n\t\t\t\r\n\t\t<\/div>\r\n\t<\/div>\r\n<\/div>\t\t\t\t\t\t<\/div>\r\n\t\t\t\t\t<\/div>\r\n\t\t\t\t\t\t\t\t\t\t\r\n\t\t\t\t\t<div id=\"errormessage\" class=\"alert alert-danger mt-2 displaynone\" role=\"alert\"><\/div>\r\n\t\t\t\t<input type=\"hidden\" name=\"trp-form-language\" value=\"fr\"\/><\/form>\r\n\t\t\t\t<div class=\"dnone\">\r\n\t\t\t\t\t<img src='https:\/\/arabfm.net\/wp-content\/plugins\/wp-membership\/admin\/files\/images\/loader.gif' \/>\r\n\t\t\t\t<\/div>\r\n\t\t\t<\/div>\r\n\t\t<\/div>","protected":false},"excerpt":{"rendered":"","protected":false},"author":2,"featured_media":0,"parent":0,"menu_order":0,"comment_status":"closed","ping_status":"closed","template":"","meta":{"footnotes":""},"class_list":["post-9654","page","type-page","status-publish"],"_links":{"self":[{"href":"https:\/\/arabfm.net\/fr\/wp-json\/wp\/v2\/pages\/9654","targetHints":{"allow":["GET"]}}],"collection":[{"href":"https:\/\/arabfm.net\/fr\/wp-json\/wp\/v2\/pages"}],"about":[{"href":"https:\/\/arabfm.net\/fr\/wp-json\/wp\/v2\/types\/page"}],"author":[{"embeddable":true,"href":"https:\/\/arabfm.net\/fr\/wp-json\/wp\/v2\/users\/2"}],"replies":[{"embeddable":true,"href":"https:\/\/arabfm.net\/fr\/wp-json\/wp\/v2\/comments?post=9654"}],"version-history":[{"count":0,"href":"https:\/\/arabfm.net\/fr\/wp-json\/wp\/v2\/pages\/9654\/revisions"}],"wp:attachment":[{"href":"https:\/\/arabfm.net\/fr\/wp-json\/wp\/v2\/media?parent=9654"}],"curies":[{"name":"wp","href":"https:\/\/api.w.org\/{rel}","templated":true}]}}