{"id":7021,"date":"2024-12-20T00:03:42","date_gmt":"2024-12-20T00:03:42","guid":{"rendered":"https:\/\/arabfm.net\/?page_id=7021"},"modified":"2024-12-20T00:03:43","modified_gmt":"2024-12-20T00:03:43","slug":"%d8%a7%d9%83%d8%aa%d8%a8-%d9%84%d9%86%d8%a7","status":"publish","type":"page","link":"https:\/\/arabfm.net\/pt\/%d8%a7%d9%83%d8%aa%d8%a8-%d9%84%d9%86%d8%a7\/","title":{"rendered":"\u0627\u0643\u062a\u0628 \u0644\u0646\u0627"},"content":{"rendered":"<!-- User Submitted Posts @ https:\/\/m0n.co\/usp -->\n\n<div id=\"user-submitted-posts\">\n\t\t\n\t<form id=\"usp_form\" method=\"post\" enctype=\"multipart\/form-data\" action=\"\" data-trp-original-action=\"\">\n\t\t<div id=\"usp-error-message\" class=\"usp-callout-failure usp-hidden\">Por favor, preencha os campos obrigat\u00f3rios.<\/div>\n\t\t\t\t\n\t\t<fieldset class=\"usp-name\">\n\t\t\t<label for=\"user-submitted-name\">Seu nome<\/label>\n\t\t\t<input id=\"user-submitted-name\" name=\"user-submitted-name\" type=\"text\" value=\"\" placeholder=\"Seu nome\" data-required=\"true\" required class=\"usp-input\">\n\t\t<\/fieldset>\n\t\t\t\t\n\t\t<fieldset class=\"usp-title\">\n\t\t\t<label for=\"user-submitted-title\">T\u00edtulo da publica\u00e7\u00e3o<\/label>\n\t\t\t<input id=\"user-submitted-title\" name=\"user-submitted-title\" type=\"text\" value=\"\" placeholder=\"T\u00edtulo da publica\u00e7\u00e3o\" data-required=\"true\" required class=\"usp-input\">\n\t\t<\/fieldset>\n\t\t\t\t\t\t\n\t\t<fieldset class=\"usp-tags\">\n\t\t\t<label for=\"user-submitted-tags\">Etiquetas da publica\u00e7\u00e3o<\/label>\n\t\t\t<input id=\"user-submitted-tags\" name=\"user-submitted-tags\" type=\"text\" value=\"\" placeholder=\"Etiquetas da publica\u00e7\u00e3o\" data-required=\"true\" required class=\"usp-input\">\n\t\t<\/fieldset>\n\t\t\t\t\t\t\n\t\t<fieldset class=\"usp-captcha\">\n\t\t\t<label for=\"user-submitted-captcha\">5 + 4 =<\/label>\n\t\t\t<input id=\"user-submitted-captcha\" name=\"user-submitted-captcha\" type=\"text\" value=\"\" placeholder=\"Pergunta sobre antispam\" data-required=\"true\" required class=\"usp-input user-submitted-captcha\" data-parsley-excluded=\"true\">\n\t\t<\/fieldset>\n\t\t\t\t\n\t\t<fieldset class=\"usp-category\">\n\t\t\t<label for=\"user-submitted-category\">Categoria da publica\u00e7\u00e3o<\/label>\n\t\t\t<select id=\"user-submitted-category\" data-required=\"true\" required multiple=\"multiple\" class=\"usp-select usp-multiple\" name=\"user-submitted-category[]\">\n\t\t\t\t<option value=\"\" selected=\"true\" disabled>Por favor, selecione uma categoria.<\/option>\n\t\t\t\t<option value=\"130\" class=\"usp-cat-parent\">FM 2018<\/option><option value=\"128\" class=\"usp-cat-parent\">FM 2019<\/option><option value=\"162\" class=\"usp-cat-parent\">FM 2022<\/option><option value=\"98\" class=\"usp-cat-parent\">FM 2023<\/option><option value=\"173\" class=\"usp-cat-parent\">FM 24<\/option><option value=\"144\" class=\"usp-cat-parent\">\u0627\u0644\u0628\u0627\u062a\u0634\u0627\u062a 2020<\/option><option value=\"149\" class=\"usp-cat-parent\">\u0627\u0644\u0628\u0627\u062a\u0634\u0627\u062a 2021<\/option><option value=\"145\" class=\"usp-cat-parent\">\u0627\u0644\u0645\u062d\u0627\u0636\u0631\u0627\u062a \u0648 \u0627\u0644\u062f\u0631\u0648\u0633<\/option><option value=\"96\" class=\"usp-cat-parent\">\u0628\u0631\u0646\u0627\u0645\u062c \u0627\u0644\u0644\u063a\u0629 \u0627\u0644\u0639\u0631\u0628\u064a\u0629<\/option><option value=\"99\" class=\"usp-cat-parent\">\u0641\u062a\u0628\u0648\u0644 \u0645\u0627\u0646\u064a\u062c\u0631 2023 \u0628\u0627\u0644\u0639\u0631\u0628\u064a<\/option><option value=\"174\" class=\"usp-cat-parent\">\u0641\u062a\u0628\u0648\u0644 \u0645\u0627\u0646\u064a\u062c\u0631 2025 FM<\/option><option value=\"146\" class=\"usp-cat-parent\">\u0645\u0644\u0627\u0628\u0633 \u0627\u0644\u0623\u0646\u062f\u064a\u0629 2020<\/option>\t\t\t<\/select>\n\t\t<\/fieldset>\n\t\t\t\t\n\t\t<fieldset class=\"usp-content\">\n\t\t\t\t\t\t\t\n\t\t\t<label for=\"user-submitted-content\">Conte\u00fado da publica\u00e7\u00e3o<\/label>\n\t\t\t<textarea id=\"user-submitted-content\" name=\"user-submitted-content\" rows=\"5\" placeholder=\"Conte\u00fado da publica\u00e7\u00e3o\" data-required=\"true\" required class=\"usp-textarea\"><\/textarea>\n\t\t\t\t\t\t\n\t\t<\/fieldset>\n\t\t\t\t\t\t\n\t\t<fieldset class=\"usp-images\">\n\t\t\t<label for=\"user-submitted-image\">Carregar uma imagem<\/label>\n\t\t\t<div id=\"usp-upload-message\">\u0627\u0644\u0631\u062c\u0627\u0621 \u062a\u062d\u062f\u064a\u062f \u0635\u0648\u0631\u062a\u0643 \u0644\u062a\u062d\u0645\u064a\u0644\u0647\u0627.<\/div>\n\t\t\t<div id=\"user-submitted-image\">\n\t\t\t\t\t\t\t\n\t\t\t\t<input name=\"user-submitted-image[]\" type=\"file\" size=\"25\" class=\"usp-input usp-clone\" data-parsley-excluded=\"true\" accept=\"image\/*\">\n\t\t\t\t<a href=\"#\" id=\"usp_add-another\" class=\"usp-no-js\">Adicionar outra imagem<\/a>\t\t\t\t\t\t\t\n\t\t\t<\/div>\n\t\t\t<input type=\"hidden\" class=\"usp-hidden\" id=\"usp-min-images\" name=\"usp-min-images\" value=\"0\">\n\t\t\t<input type=\"hidden\" class=\"usp-hidden\" id=\"usp-max-images\" name=\"usp-max-images\" value=\"1\">\n\t\t<\/fieldset>\n\t\t\t\t\t\t\n\t\t<fieldset id=\"usp_verify\" style=\"display:none;\">\n\t\t\t<label for=\"user-submitted-verify\">Verifica\u00e7\u00e3o humana: deixe este campo em branco.<\/label>\n\t\t\t<input id=\"user-submitted-verify\" name=\"user-submitted-verify\" type=\"text\" value=\"\" data-parsley-excluded=\"true\">\n\t\t<\/fieldset>\n\t\t\n\t\t\t\t\n\t\t<div id=\"usp-submit\">\n\t\t\t\t\t\t\t\t\t\t\t\t\t\t\t\t\t\t\n\t\t\t<input type=\"submit\" class=\"usp-submit\" id=\"user-submitted-post\" name=\"user-submitted-post\" value=\"Enviar publica\u00e7\u00e3o\">\n\t\t\t<input type=\"hidden\" id=\"usp-nonce\" name=\"usp-nonce\" value=\"c4da45337e\" \/>\t\t\t\n\t\t<\/div>\n\t\t\n\t<input type=\"hidden\" name=\"trp-form-language\" value=\"pt\"\/><\/form>\n<\/div>\n<script>(function(){var e = document.getElementById('usp_verify'); if(e) e.parentNode.removeChild(e);})();<\/script>","protected":false},"excerpt":{"rendered":"","protected":false},"author":2,"featured_media":0,"parent":0,"menu_order":0,"comment_status":"closed","ping_status":"closed","template":"","meta":{"footnotes":""},"class_list":["post-7021","page","type-page","status-publish"],"_links":{"self":[{"href":"https:\/\/arabfm.net\/pt\/wp-json\/wp\/v2\/pages\/7021","targetHints":{"allow":["GET"]}}],"collection":[{"href":"https:\/\/arabfm.net\/pt\/wp-json\/wp\/v2\/pages"}],"about":[{"href":"https:\/\/arabfm.net\/pt\/wp-json\/wp\/v2\/types\/page"}],"author":[{"embeddable":true,"href":"https:\/\/arabfm.net\/pt\/wp-json\/wp\/v2\/users\/2"}],"replies":[{"embeddable":true,"href":"https:\/\/arabfm.net\/pt\/wp-json\/wp\/v2\/comments?post=7021"}],"version-history":[{"count":1,"href":"https:\/\/arabfm.net\/pt\/wp-json\/wp\/v2\/pages\/7021\/revisions"}],"predecessor-version":[{"id":7022,"href":"https:\/\/arabfm.net\/pt\/wp-json\/wp\/v2\/pages\/7021\/revisions\/7022"}],"wp:attachment":[{"href":"https:\/\/arabfm.net\/pt\/wp-json\/wp\/v2\/media?parent=7021"}],"curies":[{"name":"wp","href":"https:\/\/api.w.org\/{rel}","templated":true}]}}